{"id":1442,"date":"2025-05-15T23:48:14","date_gmt":"2025-05-16T02:48:14","guid":{"rendered":"https:\/\/originallocacoes.com.br\/produto\/betoneira-400l-nr-12\/"},"modified":"2025-09-23T14:26:51","modified_gmt":"2025-09-23T17:26:51","slug":"betoneira-400l-nr-12-locacao","status":"publish","type":"product","link":"https:\/\/originallocadora.com.br\/wordpress\/produto\/betoneira-400l-nr-12-locacao\/","title":{"rendered":"Aluguel de Betoneira 400L NR-12"},"content":{"rendered":"<p><b>Alugue a Betoneira 400l <\/b><span style=\"font-weight: 400;\">para misturar concreto e argamassa com alta capacidade e agilidade, otimizando o tempo e o esfor\u00e7o em sua obra.<\/span><\/p>\n<h3><b>Vantagens da Loca\u00e7\u00e3o<\/b><\/h3>\n<ul>\n<li style=\"font-weight: 400;\" aria-level=\"1\"><b>Capacidade e Agilidade:<\/b><span style=\"font-weight: 400;\"> Com um tambor de 400 litros e uma produ\u00e7\u00e3o hor\u00e1ria de 4,7 m\u00b3, o equipamento garante uma mistura homog\u00eanea e eficiente, o que otimiza o seu tempo de trabalho e o esfor\u00e7o f\u00edsico da sua equipe.<\/span><\/li>\n<li style=\"font-weight: 400;\" aria-level=\"1\"><b>Pot\u00eancia e Resist\u00eancia:<\/b><span style=\"font-weight: 400;\"> O motor de 2 CV e a transmiss\u00e3o por correia tipo \u201cV\u201d garantem a for\u00e7a necess\u00e1ria para misturar os materiais de forma eficiente, enquanto a estrutura robusta garante a durabilidade e a seguran\u00e7a do equipamento.<\/span><\/li>\n<\/ul>\n<h3><b>Especifica\u00e7\u00f5es T\u00e9cnicas<\/b><\/h3>\n<ul>\n<li style=\"font-weight: 400;\" aria-level=\"1\"><b>Capacidade do tambor:<\/b><span style=\"font-weight: 400;\"> 400 L<\/span><\/li>\n<li style=\"font-weight: 400;\" aria-level=\"1\"><b>Capacidade de mistura:<\/b><span style=\"font-weight: 400;\"> 280 L<\/span><\/li>\n<li style=\"font-weight: 400;\" aria-level=\"1\"><b>Produ\u00e7\u00e3o hor\u00e1ria aprox.:<\/b><span style=\"font-weight: 400;\"> 4,7 m\u00b3\/h<\/span><\/li>\n<li style=\"font-weight: 400;\" aria-level=\"1\"><b>Rota\u00e7\u00e3o do tambor:<\/b><span style=\"font-weight: 400;\"> 28 RPM<\/span><\/li>\n<li style=\"font-weight: 400;\" aria-level=\"1\"><b>Pot\u00eancia do motor:<\/b><span style=\"font-weight: 400;\"> 2 CV<\/span><\/li>\n<li style=\"font-weight: 400;\" aria-level=\"1\"><b>Transmiss\u00e3o:<\/b><span> Correia tipo \u201cV\u201d<\/span><\/li>\n<\/ul>\n","protected":false},"excerpt":{"rendered":"<p>Alugue a Betoneira 400l para misturar concreto e argamassa com alta capacidade e agilidade, otimizando o tempo e o esfor\u00e7o em sua obra. Vantagens da Loca\u00e7\u00e3o Capacidade e Agilidade: Com um tambor de 400 litros e uma produ\u00e7\u00e3o hor\u00e1ria de 4,7 m\u00b3, o equipamento garante uma mistura homog\u00eanea e eficiente, o que otimiza o seu [&hellip;]<\/p>\n","protected":false},"featured_media":129,"comment_status":"open","ping_status":"closed","template":"","meta":[],"product_brand":[],"product_cat":[59],"product_tag":[],"class_list":{"0":"post-1442","1":"product","2":"type-product","3":"status-publish","4":"has-post-thumbnail","6":"product_cat-concreto","8":"first","9":"instock","10":"shipping-taxable","11":"purchasable","12":"product-type-simple"},"_links":{"self":[{"href":"https:\/\/originallocadora.com.br\/wordpress\/wp-json\/wp\/v2\/product\/1442","targetHints":{"allow":["GET"]}}],"collection":[{"href":"https:\/\/originallocadora.com.br\/wordpress\/wp-json\/wp\/v2\/product"}],"about":[{"href":"https:\/\/originallocadora.com.br\/wordpress\/wp-json\/wp\/v2\/types\/product"}],"replies":[{"embeddable":true,"href":"https:\/\/originallocadora.com.br\/wordpress\/wp-json\/wp\/v2\/comments?post=1442"}],"wp:featuredmedia":[{"embeddable":true,"href":"https:\/\/originallocadora.com.br\/wordpress\/wp-json\/wp\/v2\/media\/129"}],"wp:attachment":[{"href":"https:\/\/originallocadora.com.br\/wordpress\/wp-json\/wp\/v2\/media?parent=1442"}],"wp:term":[{"taxonomy":"product_brand","embeddable":true,"href":"https:\/\/originallocadora.com.br\/wordpress\/wp-json\/wp\/v2\/product_brand?post=1442"},{"taxonomy":"product_cat","embeddable":true,"href":"https:\/\/originallocadora.com.br\/wordpress\/wp-json\/wp\/v2\/product_cat?post=1442"},{"taxonomy":"product_tag","embeddable":true,"href":"https:\/\/originallocadora.com.br\/wordpress\/wp-json\/wp\/v2\/product_tag?post=1442"}],"curies":[{"name":"wp","href":"https:\/\/api.w.org\/{rel}","templated":true}]}}