{"id":1443,"date":"2025-05-15T23:48:14","date_gmt":"2025-05-16T02:48:14","guid":{"rendered":"https:\/\/originallocacoes.com.br\/produto\/betoneira-com-carregador-600l\/"},"modified":"2025-09-23T14:28:53","modified_gmt":"2025-09-23T17:28:53","slug":"betoneira-com-carregador-600l-locacao","status":"publish","type":"product","link":"https:\/\/originallocadora.com.br\/wordpress\/produto\/betoneira-com-carregador-600l-locacao\/","title":{"rendered":"Aluguel de Betoneira 600L NR-12 com Carregador"},"content":{"rendered":"<p><b>Alugue a Betoneira 600l com Carregador <\/b><span style=\"font-weight: 400;\">para misturar concreto e argamassa com m\u00e1xima capacidade e agilidade, ideal para obras de grande escala.<\/span><\/p>\n<h3><b>Vantagens da Loca\u00e7\u00e3o<\/b><\/h3>\n<ul>\n<li style=\"font-weight: 400;\" aria-level=\"1\"><b>Alta Produtividade:<\/b><span style=\"font-weight: 400;\"> Com um tambor de 600 litros e um carregador autom\u00e1tico, o equipamento garante uma produ\u00e7\u00e3o hor\u00e1ria de 7 m\u00b3 e otimiza o tempo de trabalho em sua obra.<\/span><\/li>\n<li style=\"font-weight: 400;\" aria-level=\"1\"><b>Pot\u00eancia e Resist\u00eancia:<\/b><span style=\"font-weight: 400;\"> O motor de 4 CV e a estrutura robusta garantem que a betoneira misture os materiais de forma eficiente, mesmo em projetos de alta exig\u00eancia.<\/span><\/li>\n<\/ul>\n<h3><b>Especifica\u00e7\u00f5es T\u00e9cnicas<\/b><\/h3>\n<ul>\n<li style=\"font-weight: 400;\" aria-level=\"1\"><b>Capacidade do Tambor:<\/b><span style=\"font-weight: 400;\"> 600 L<\/span><\/li>\n<li style=\"font-weight: 400;\" aria-level=\"1\"><b>Capacidade de Mistura:<\/b><span style=\"font-weight: 400;\"> 440 L<\/span><\/li>\n<li style=\"font-weight: 400;\" aria-level=\"1\"><b>Produ\u00e7\u00e3o hor\u00e1ria:<\/b><span style=\"font-weight: 400;\"> 7 m\u00b3<\/span><\/li>\n<li style=\"font-weight: 400;\" aria-level=\"1\"><b>Rota\u00e7\u00e3o do tambor:<\/b><span style=\"font-weight: 400;\"> 28 Rpm<\/span><\/li>\n<li style=\"font-weight: 400;\" aria-level=\"1\"><b>Pot\u00eancia do motor:<\/b><span style=\"font-weight: 400;\"> 4 CV<\/span><\/li>\n<li style=\"font-weight: 400;\" aria-level=\"1\"><b>Acionamento:<\/b><span style=\"font-weight: 400;\"> 1,25 CV (Ca\u00e7amba)<\/span><\/li>\n<li style=\"font-weight: 400;\" aria-level=\"1\"><b>Peso:<\/b><span style=\"font-weight: 400;\"> 1.030 kg<\/span><\/li>\n<li style=\"font-weight: 400;\" aria-level=\"1\"><b>Dimens\u00f5es (A x L x C):<\/b><span style=\"font-weight: 400;\"> 290 x 135 x 240 cm<\/span><\/li>\n<\/ul>\n","protected":false},"excerpt":{"rendered":"<p>Alugue a Betoneira 600l com Carregador para misturar concreto e argamassa com m\u00e1xima capacidade e agilidade, ideal para obras de grande escala. Vantagens da Loca\u00e7\u00e3o Alta Produtividade: Com um tambor de 600 litros e um carregador autom\u00e1tico, o equipamento garante uma produ\u00e7\u00e3o hor\u00e1ria de 7 m\u00b3 e otimiza o tempo de trabalho em sua obra. [&hellip;]<\/p>\n","protected":false},"featured_media":3387,"comment_status":"open","ping_status":"closed","template":"","meta":[],"product_brand":[],"product_cat":[59],"product_tag":[],"class_list":{"0":"post-1443","1":"product","2":"type-product","3":"status-publish","4":"has-post-thumbnail","6":"product_cat-concreto","8":"first","9":"instock","10":"shipping-taxable","11":"purchasable","12":"product-type-simple"},"_links":{"self":[{"href":"https:\/\/originallocadora.com.br\/wordpress\/wp-json\/wp\/v2\/product\/1443","targetHints":{"allow":["GET"]}}],"collection":[{"href":"https:\/\/originallocadora.com.br\/wordpress\/wp-json\/wp\/v2\/product"}],"about":[{"href":"https:\/\/originallocadora.com.br\/wordpress\/wp-json\/wp\/v2\/types\/product"}],"replies":[{"embeddable":true,"href":"https:\/\/originallocadora.com.br\/wordpress\/wp-json\/wp\/v2\/comments?post=1443"}],"wp:featuredmedia":[{"embeddable":true,"href":"https:\/\/originallocadora.com.br\/wordpress\/wp-json\/wp\/v2\/media\/3387"}],"wp:attachment":[{"href":"https:\/\/originallocadora.com.br\/wordpress\/wp-json\/wp\/v2\/media?parent=1443"}],"wp:term":[{"taxonomy":"product_brand","embeddable":true,"href":"https:\/\/originallocadora.com.br\/wordpress\/wp-json\/wp\/v2\/product_brand?post=1443"},{"taxonomy":"product_cat","embeddable":true,"href":"https:\/\/originallocadora.com.br\/wordpress\/wp-json\/wp\/v2\/product_cat?post=1443"},{"taxonomy":"product_tag","embeddable":true,"href":"https:\/\/originallocadora.com.br\/wordpress\/wp-json\/wp\/v2\/product_tag?post=1443"}],"curies":[{"name":"wp","href":"https:\/\/api.w.org\/{rel}","templated":true}]}}