{"id":1576,"date":"2025-05-15T23:48:32","date_gmt":"2025-05-16T02:48:32","guid":{"rendered":"https:\/\/originallocacoes.com.br\/produto\/plataforma-telescopica-jlg-660sj-diesel-4x4-pta-pemt\/"},"modified":"2025-08-14T11:50:21","modified_gmt":"2025-08-14T14:50:21","slug":"plataforma-telescopica-jlg-660sj-diesel-4x4-pta-pemt","status":"publish","type":"product","link":"https:\/\/originallocadora.com.br\/wordpress\/produto\/plataforma-telescopica-jlg-660sj-diesel-4x4-pta-pemt\/","title":{"rendered":"Plataforma Telesc\u00f3pica Jlg 660Sj Diesel 4X4 (Pta Pemt)"},"content":{"rendered":"<p>O Plataforma Telesc\u00f3pica Jlg 660Sj Diesel 4X4 (Pta Pemt) \u00e9 um equipamento de alta performance, projetado para atender \u00e0s mais diversas necessidades no setor de constru\u00e7\u00e3o. Sua engenharia avan\u00e7ada e materiais de alta qualidade garantem que o produto seja dur\u00e1vel, resistente e eficiente, tornando-o indispens\u00e1vel para quem busca otimiza\u00e7\u00e3o de tempo e redu\u00e7\u00e3o de custos nas obras. Al\u00e9m disso, sua facilidade de uso e manuten\u00e7\u00e3o m\u00ednima fazem com que seja a escolha ideal para profissionais que desejam praticidade e confian\u00e7a no seu dia a dia.<\/p>\n","protected":false},"excerpt":{"rendered":"<p>O Plataforma Telesc\u00f3pica Jlg 660Sj Diesel 4X4 (Pta Pemt) \u00e9 um equipamento de alta performance, projetado para atender \u00e0s mais diversas necessidades no setor de constru\u00e7\u00e3o. Sua engenharia avan\u00e7ada e materiais de alta qualidade garantem que o produto seja dur\u00e1vel, resistente e eficiente, tornando-o indispens\u00e1vel para quem busca otimiza\u00e7\u00e3o de tempo e redu\u00e7\u00e3o de custos [&hellip;]<\/p>\n","protected":false},"featured_media":3236,"comment_status":"open","ping_status":"closed","template":"","meta":[],"product_brand":[],"product_cat":[86],"product_tag":[],"class_list":{"0":"post-1576","1":"product","2":"type-product","3":"status-publish","4":"has-post-thumbnail","6":"product_cat-plataforma-telescopica","8":"first","9":"instock","10":"shipping-taxable","11":"purchasable","12":"product-type-simple"},"_links":{"self":[{"href":"https:\/\/originallocadora.com.br\/wordpress\/wp-json\/wp\/v2\/product\/1576","targetHints":{"allow":["GET"]}}],"collection":[{"href":"https:\/\/originallocadora.com.br\/wordpress\/wp-json\/wp\/v2\/product"}],"about":[{"href":"https:\/\/originallocadora.com.br\/wordpress\/wp-json\/wp\/v2\/types\/product"}],"replies":[{"embeddable":true,"href":"https:\/\/originallocadora.com.br\/wordpress\/wp-json\/wp\/v2\/comments?post=1576"}],"wp:featuredmedia":[{"embeddable":true,"href":"https:\/\/originallocadora.com.br\/wordpress\/wp-json\/wp\/v2\/media\/3236"}],"wp:attachment":[{"href":"https:\/\/originallocadora.com.br\/wordpress\/wp-json\/wp\/v2\/media?parent=1576"}],"wp:term":[{"taxonomy":"product_brand","embeddable":true,"href":"https:\/\/originallocadora.com.br\/wordpress\/wp-json\/wp\/v2\/product_brand?post=1576"},{"taxonomy":"product_cat","embeddable":true,"href":"https:\/\/originallocadora.com.br\/wordpress\/wp-json\/wp\/v2\/product_cat?post=1576"},{"taxonomy":"product_tag","embeddable":true,"href":"https:\/\/originallocadora.com.br\/wordpress\/wp-json\/wp\/v2\/product_tag?post=1576"}],"curies":[{"name":"wp","href":"https:\/\/api.w.org\/{rel}","templated":true}]}}